{"id":36,"date":"2024-09-22T20:44:13","date_gmt":"2024-09-22T20:44:13","guid":{"rendered":"https:\/\/weareselection.com\/?page_id=36"},"modified":"2024-11-28T21:47:44","modified_gmt":"2024-11-28T21:47:44","slug":"about","status":"publish","type":"page","link":"https:\/\/weareselection.com\/fr\/selection\/about\/","title":{"rendered":"About"},"content":{"rendered":"<div class=\"wpb-content-wrapper\"><p>[vc_row][vc_column][vc_column_text]<\/p>\n\n\n<div style=\"height:100px\" aria-hidden=\"true\" class=\"wp-block-spacer\"><\/div>\n\n\n\n<div style=\"height:100px\" aria-hidden=\"true\" class=\"wp-block-spacer\"><\/div>\n\n\n\n<div class=\"wp-block-columns are-vertically-aligned-center is-layout-flex wp-container-core-columns-is-layout-9d6595d7 wp-block-columns-is-layout-flex\">\n<div class=\"md:nfd-order-2 nfd-text-md wp-block-column is-vertically-aligned-center is-layout-flow wp-block-column-is-layout-flow\" style=\"flex-basis:50%\">\n<div class=\"nfd-gap-lg wp-block-group is-vertical is-content-justification-center is-layout-flex wp-container-core-group-is-layout-73a99bce wp-block-group-is-layout-flex\">\n<h2 class=\"nfd-text-xl nfd-text-contrast nfd-text-balance wp-block-heading has-text-align-center has-luminous-vivid-amber-color has-text-color has-link-color has-x-large-font-size wp-elements-3af75a81296518a86417b4e4bf8e0f12\">\u00c0 propos<\/h2>\n\n\n\n<p class=\"has-text-align-center has-medium-font-size\">Chez Selection, les r\u00e8gles de la publicit\u00e9 sont en train d\u2019\u00eatre r\u00e9\u00e9crites. Reconnaissant que les publicit\u00e9s traditionnelles repoussent souvent plut\u00f4t qu\u2019elles n\u2019attirent, une autre voie a \u00e9t\u00e9 emprunt\u00e9e\u2014nous nous immergeons dans ce que les gens aiment : l\u2019art, le cin\u00e9ma, la musique, la culture, le sens\u2014en nous int\u00e9grant harmonieusement \u00e0 leurs passions. La collaboration avec nos partenaires de marque est essentielle pour cr\u00e9er des exp\u00e9riences que les consommateurs recherchent activement, transformant ainsi la publicit\u00e9 en \u00e9changes significatifs de temps et d\u2019attention.<\/p>\n\n\n\n<p class=\"has-text-align-center has-medium-font-size\"><\/p>\n\n\n\n<p class=\"has-text-align-center has-medium-font-size\"><\/p>\n\n\n\n<div style=\"height:0px\" aria-hidden=\"true\" class=\"wp-block-spacer wp-container-content-9760934e\"><\/div>\n<\/div>\n<\/div>\n\n\n\n<div class=\"wp-block-column is-vertically-aligned-center is-layout-flow wp-block-column-is-layout-flow\" style=\"flex-basis:50%\">\n<figure class=\"wp-block-gallery has-nested-images columns-default is-cropped wp-block-gallery-1 is-layout-flex wp-block-gallery-is-layout-flex\">\n<figure class=\"nfd-rounded wp-block-image size-large\"><img loading=\"lazy\" decoding=\"async\" width=\"1024\" height=\"576\" data-id=\"3152\" src=\"https:\/\/weareselection.com\/wp-content\/uploads\/2024\/11\/Inphisam-1024x576.png\" alt=\"\" class=\"wp-image-3152\" style=\"aspect-ratio:1;object-fit:cover\" srcset=\"https:\/\/weareselection.com\/wp-content\/uploads\/2024\/11\/Inphisam-1024x576.png 1024w, https:\/\/weareselection.com\/wp-content\/uploads\/2024\/11\/Inphisam-300x169.png 300w, https:\/\/weareselection.com\/wp-content\/uploads\/2024\/11\/Inphisam-768x432.png 768w, https:\/\/weareselection.com\/wp-content\/uploads\/2024\/11\/Inphisam-1536x864.png 1536w, https:\/\/weareselection.com\/wp-content\/uploads\/2024\/11\/Inphisam-18x10.png 18w, https:\/\/weareselection.com\/wp-content\/uploads\/2024\/11\/Inphisam-600x338.png 600w, https:\/\/weareselection.com\/wp-content\/uploads\/2024\/11\/Inphisam.png 1920w\" sizes=\"auto, (max-width: 1024px) 100vw, 1024px\" \/><\/figure>\n<\/figure>\n<\/div>\n<\/div>\n\n\n<div style=\"height:100px\" aria-hidden=\"true\" class=\"wp-block-spacer\"><\/div>\n\n\n<div class=\"wp-block-columns are-vertically-aligned-center is-layout-flex wp-container-core-columns-is-layout-9d6595d7 wp-block-columns-is-layout-flex\">\n<div class=\"wp-block-column is-vertically-aligned-center is-layout-flow wp-block-column-is-layout-flow\" style=\"flex-basis:50%\">\n<figure class=\"wp-block-gallery has-nested-images columns-default is-cropped wp-block-gallery-2 is-layout-flex wp-block-gallery-is-layout-flex\">\n<figure class=\"nfd-rounded wp-block-image size-large\"><img loading=\"lazy\" decoding=\"async\" width=\"1000\" height=\"1000\" data-id=\"2680\" src=\"https:\/\/weareselection.com\/wp-content\/uploads\/2024\/09\/HG_Collage2.png\" alt=\"\" class=\"wp-image-2680\" style=\"aspect-ratio:1;object-fit:cover\" srcset=\"https:\/\/weareselection.com\/wp-content\/uploads\/2024\/09\/HG_Collage2.png 1000w, https:\/\/weareselection.com\/wp-content\/uploads\/2024\/09\/HG_Collage2-300x300.png 300w, https:\/\/weareselection.com\/wp-content\/uploads\/2024\/09\/HG_Collage2-150x150.png 150w, https:\/\/weareselection.com\/wp-content\/uploads\/2024\/09\/HG_Collage2-768x768.png 768w, https:\/\/weareselection.com\/wp-content\/uploads\/2024\/09\/HG_Collage2-600x600.png 600w\" sizes=\"auto, (max-width: 1000px) 100vw, 1000px\" \/><\/figure>\n<\/figure>\n<\/div>\n\n\n\n<div class=\"wp-block-column is-vertically-aligned-center is-layout-flow wp-block-column-is-layout-flow\" style=\"flex-basis:50%\">\n<div class=\"nfd-gap-lg wp-block-group is-vertical is-content-justification-center is-layout-flex wp-container-core-group-is-layout-73a99bce wp-block-group-is-layout-flex\">\n<h2 class=\"nfd-text-xl nfd-text-contrast nfd-text-balance wp-block-heading has-text-align-center has-luminous-vivid-amber-color has-text-color has-link-color has-x-large-font-size wp-elements-42ee6c51ee1c1fcd1d46f27267ad45cb\"><strong>Approche de la marque<\/strong><\/h2>\n\n\n\n<p class=\"has-text-align-center has-medium-font-size\">Naviguer dans le paysage de l\u2019identit\u00e9 de marque et se frayer un chemin \u00e0 travers le bruit n\u2019est pas pour les \u00e2mes sensibles. Il n\u2019existe pas de solution universelle, pas de formule secr\u00e8te. C\u2019est un parcours rempli d\u2019incertitudes et de d\u00e9fis. Mais n\u2019ayez crainte, il n\u2019est pas n\u00e9cessaire d\u2019affronter ce chemin seul. Croire au pouvoir du partenariat est primordial, retrousser ses manches aux c\u00f4t\u00e9s des clients, se faire confiance et accepter l\u2019inconfort. Ensemble, nous explorons des territoires inexplor\u00e9s, fa\u00e7onnant des marques qui se d\u00e9marquent dans le bruit ambiant.<\/p>\n\n\n\n<p class=\"has-text-align-center has-medium-font-size\"><\/p>\n\n\n\n<p class=\"has-text-align-center has-medium-font-size\"><\/p>\n\n\n\n<div style=\"height:0px\" aria-hidden=\"true\" class=\"wp-block-spacer wp-container-content-9760934e\"><\/div>\n<\/div>\n<\/div>\n<\/div>\n\n\n<div style=\"height:100px\" aria-hidden=\"true\" class=\"wp-block-spacer\"><\/div>\n\n\n<div class=\"wp-block-columns are-vertically-aligned-center is-layout-flex wp-container-core-columns-is-layout-9d6595d7 wp-block-columns-is-layout-flex\">\n<div class=\"md:nfd-order-2 nfd-text-md wp-block-column is-vertically-aligned-center is-layout-flow wp-block-column-is-layout-flow\" style=\"flex-basis:50%\">\n<div class=\"nfd-gap-lg wp-block-group is-vertical is-content-justification-center is-layout-flex wp-container-core-group-is-layout-73a99bce wp-block-group-is-layout-flex\">\n<h2 class=\"nfd-text-xl nfd-text-contrast nfd-text-balance wp-block-heading has-text-align-center has-luminous-vivid-amber-color has-text-color has-link-color has-x-large-font-size wp-elements-c0824fb6fc967ca5f1b2cbff1f8072ad\">Services<\/h2>\n\n\n\n<p class=\"has-text-align-center has-medium-font-size\">Chez Selection, nous sommes bien plus que de simples narrateurs ; nous sommes des cr\u00e9ateurs de r\u00e9cits captivants. Sp\u00e9cialis\u00e9s dans la production vid\u00e9o et le marketing, nous donnons vie aux concepts avec style et finesse. Des travaux publicitaires aux annonces de produits, en passant par le marketing sur les r\u00e9seaux sociaux et au-del\u00e0, nous sommes l\u00e0 pour \u00e9lever votre marque et captiver votre audience.<\/p>\n\n\n\n<p class=\"has-text-align-center has-medium-font-size\"><\/p>\n\n\n\n<p class=\"has-text-align-center has-medium-font-size\"><br><\/p>\n\n\n\n<div style=\"height:0px\" aria-hidden=\"true\" class=\"wp-block-spacer wp-container-content-9760934e\"><\/div>\n<\/div>\n<\/div>\n\n\n\n<div class=\"wp-block-column is-vertically-aligned-center is-layout-flow wp-block-column-is-layout-flow\" style=\"flex-basis:50%\">\n<figure class=\"wp-block-gallery has-nested-images columns-default is-cropped wp-block-gallery-3 is-layout-flex wp-block-gallery-is-layout-flex\">\n<figure class=\"nfd-rounded wp-block-image size-large\"><img loading=\"lazy\" decoding=\"async\" width=\"1024\" height=\"576\" data-id=\"3274\" src=\"https:\/\/weareselection.com\/wp-content\/uploads\/2024\/11\/HarryR-1024x576.png\" alt=\"\" class=\"wp-image-3274\" style=\"aspect-ratio:1;object-fit:cover\" srcset=\"https:\/\/weareselection.com\/wp-content\/uploads\/2024\/11\/HarryR-1024x576.png 1024w, https:\/\/weareselection.com\/wp-content\/uploads\/2024\/11\/HarryR-300x169.png 300w, https:\/\/weareselection.com\/wp-content\/uploads\/2024\/11\/HarryR-768x432.png 768w, https:\/\/weareselection.com\/wp-content\/uploads\/2024\/11\/HarryR-1536x864.png 1536w, https:\/\/weareselection.com\/wp-content\/uploads\/2024\/11\/HarryR-18x10.png 18w, https:\/\/weareselection.com\/wp-content\/uploads\/2024\/11\/HarryR-600x338.png 600w, https:\/\/weareselection.com\/wp-content\/uploads\/2024\/11\/HarryR.png 1920w\" sizes=\"auto, (max-width: 1024px) 100vw, 1024px\" \/><\/figure>\n<\/figure>\n<\/div>\n<\/div>\n\n\n\n<div style=\"height:100px\" aria-hidden=\"true\" class=\"wp-block-spacer\"><\/div>\n\n\n<hr class=\"wp-block-separator has-text-color has-white-color has-alpha-channel-opacity has-white-background-color has-background\"\/>\n\n\n<p>[\/vc_column_text][\/vc_column][\/vc_row][vc_section][vc_row][vc_column width=&#8221;1\/4&#8243;][\/vc_column][vc_column width=&#8221;1\/2&#8243;][vc_empty_space height=&#8221;25px&#8221;][\/vc_column][vc_column width=&#8221;1\/4&#8243;][\/vc_column][\/vc_row][vc_row][vc_column width=&#8221;1\/4&#8243;][\/vc_column][vc_column width=&#8221;1\/2&#8243;]                        <div class=\"  \">\n                <div class=\"footer-social-shortcode-wrap style_4 \">\n    <div class=\"footer-social-content\">\n        <ul class=\"social-list align-center\">\n                                                    <li>\n                        <a href=\"http:\/\/linkedin.com\" target=\"_self\"><i class=\"fab fa-linkedin\"><\/i><\/a>\n                    <\/li>\n                                                                        <li>\n                        <a href=\"https:\/\/www.instagram.com\/weareselection\/\" target=\"_self\"><i class=\"fab fa-instagram\"><\/i><\/a>\n                    <\/li>\n                                        <\/ul>\n    <\/div>\n<\/div>            <\/div>\n                    [\/vc_column][vc_column width=&#8221;1\/4&#8243;]                        <div class=\"  \">\n                <div class=\"footer-link-shortcode-wrap style_3 \">\n    <div class=\"footer-link-content\">\n        <ul class=\"link-list\">\n                                                    <li>\n                        <a href=\"https:\/\/weareselection.com\/contact\/\" target=\"_blank\">Business inquiries:<\/a>\n                    <\/li>\n                                        <\/ul>\n    <\/div>\n<\/div>            <\/div>\n                    [\/vc_column][\/vc_row][\/vc_section]<\/p><\/div>","protected":false},"excerpt":{"rendered":"<p>[vc_row][vc_column][vc_column_text] \u00c0 propos Chez Selection, les r\u00e8gles de la publicit\u00e9 sont en train d\u2019\u00eatre r\u00e9\u00e9crites. Reconnaissant que les publicit\u00e9s traditionnelles repoussent souvent plut\u00f4t qu\u2019elles n\u2019attirent, une autre voie a \u00e9t\u00e9 emprunt\u00e9e\u2014nous nous immergeons dans ce que les gens aiment : l\u2019art, le cin\u00e9ma, la musique, la culture, le sens\u2014en nous int\u00e9grant harmonieusement \u00e0 leurs passions. [&hellip;]<\/p>\n","protected":false},"author":1,"featured_media":37,"parent":2552,"menu_order":0,"comment_status":"closed","ping_status":"closed","template":"","meta":{"nf_dc_page":"","footnotes":""},"class_list":["post-36","page","type-page","status-publish","has-post-thumbnail","hentry","clearfix"],"yoast_head":"<!-- This site is optimized with the Yoast SEO plugin v27.4 - https:\/\/yoast.com\/product\/yoast-seo-wordpress\/ -->\n<title>About<\/title>\n<meta name=\"robots\" content=\"index, follow, max-snippet:-1, max-image-preview:large, max-video-preview:-1\" \/>\n<link rel=\"canonical\" href=\"https:\/\/weareselection.com\/fr\/selection\/about\/\" \/>\n<meta property=\"og:locale\" content=\"fr_CA\" \/>\n<meta property=\"og:locale:alternate\" content=\"en_US\" \/>\n<meta property=\"og:type\" content=\"article\" \/>\n<meta property=\"og:title\" content=\"About\" \/>\n<meta property=\"og:description\" content=\"[vc_row][vc_column][vc_column_text] \u00c0 propos Chez Selection, les r\u00e8gles de la publicit\u00e9 sont en train d\u2019\u00eatre r\u00e9\u00e9crites. Reconnaissant que les publicit\u00e9s traditionnelles repoussent souvent plut\u00f4t qu\u2019elles n\u2019attirent, une autre voie a \u00e9t\u00e9 emprunt\u00e9e\u2014nous nous immergeons dans ce que les gens aiment : l\u2019art, le cin\u00e9ma, la musique, la culture, le sens\u2014en nous int\u00e9grant harmonieusement \u00e0 leurs passions. [&hellip;]\" \/>\n<meta property=\"og:url\" content=\"https:\/\/weareselection.com\/fr\/selection\/about\/\" \/>\n<meta property=\"og:site_name\" content=\"Selection\" \/>\n<meta property=\"article:modified_time\" content=\"2024-11-28T21:47:44+00:00\" \/>\n<meta property=\"og:image\" content=\"https:\/\/weareselection.com\/wp-content\/uploads\/2024\/09\/ame_jobmap.jpg\" \/>\n\t<meta property=\"og:image:width\" content=\"1635\" \/>\n\t<meta property=\"og:image:height\" content=\"687\" \/>\n\t<meta property=\"og:image:type\" content=\"image\/jpeg\" \/>\n<meta name=\"twitter:card\" content=\"summary_large_image\" \/>\n<meta name=\"twitter:label1\" content=\"Estimation du temps de lecture\" \/>\n\t<meta name=\"twitter:data1\" content=\"2 minutes\" \/>\n<script type=\"application\/ld+json\" class=\"yoast-schema-graph\">{\"@context\":\"https:\\\/\\\/schema.org\",\"@graph\":[{\"@type\":\"WebPage\",\"@id\":\"https:\\\/\\\/weareselection.com\\\/fr\\\/selection\\\/about\\\/\",\"url\":\"https:\\\/\\\/weareselection.com\\\/fr\\\/selection\\\/about\\\/\",\"name\":\"About\",\"isPartOf\":{\"@id\":\"https:\\\/\\\/weareselection.com\\\/en\\\/#website\"},\"primaryImageOfPage\":{\"@id\":\"https:\\\/\\\/weareselection.com\\\/fr\\\/selection\\\/about\\\/#primaryimage\"},\"image\":{\"@id\":\"https:\\\/\\\/weareselection.com\\\/fr\\\/selection\\\/about\\\/#primaryimage\"},\"thumbnailUrl\":\"https:\\\/\\\/weareselection.com\\\/wp-content\\\/uploads\\\/2024\\\/09\\\/ame_jobmap.jpg\",\"datePublished\":\"2024-09-22T20:44:13+00:00\",\"dateModified\":\"2024-11-28T21:47:44+00:00\",\"breadcrumb\":{\"@id\":\"https:\\\/\\\/weareselection.com\\\/fr\\\/selection\\\/about\\\/#breadcrumb\"},\"inLanguage\":\"fr-CA\",\"potentialAction\":[{\"@type\":\"ReadAction\",\"target\":[\"https:\\\/\\\/weareselection.com\\\/fr\\\/selection\\\/about\\\/\"]}]},{\"@type\":\"ImageObject\",\"inLanguage\":\"fr-CA\",\"@id\":\"https:\\\/\\\/weareselection.com\\\/fr\\\/selection\\\/about\\\/#primaryimage\",\"url\":\"https:\\\/\\\/weareselection.com\\\/wp-content\\\/uploads\\\/2024\\\/09\\\/ame_jobmap.jpg\",\"contentUrl\":\"https:\\\/\\\/weareselection.com\\\/wp-content\\\/uploads\\\/2024\\\/09\\\/ame_jobmap.jpg\",\"width\":1635,\"height\":687},{\"@type\":\"BreadcrumbList\",\"@id\":\"https:\\\/\\\/weareselection.com\\\/fr\\\/selection\\\/about\\\/#breadcrumb\",\"itemListElement\":[{\"@type\":\"ListItem\",\"position\":1,\"name\":\"Home\",\"item\":\"https:\\\/\\\/weareselection.com\\\/fr\\\/\"},{\"@type\":\"ListItem\",\"position\":2,\"name\":\"Home\",\"item\":\"https:\\\/\\\/weareselection.com\\\/fr\\\/\"},{\"@type\":\"ListItem\",\"position\":3,\"name\":\"About\"}]},{\"@type\":\"WebSite\",\"@id\":\"https:\\\/\\\/weareselection.com\\\/en\\\/#website\",\"url\":\"https:\\\/\\\/weareselection.com\\\/en\\\/\",\"name\":\"Selection\",\"description\":\"Telling stories that connect\",\"potentialAction\":[{\"@type\":\"SearchAction\",\"target\":{\"@type\":\"EntryPoint\",\"urlTemplate\":\"https:\\\/\\\/weareselection.com\\\/en\\\/?s={search_term_string}\"},\"query-input\":{\"@type\":\"PropertyValueSpecification\",\"valueRequired\":true,\"valueName\":\"search_term_string\"}}],\"inLanguage\":\"fr-CA\"}]}<\/script>\n<!-- \/ Yoast SEO plugin. -->","yoast_head_json":{"title":"About","robots":{"index":"index","follow":"follow","max-snippet":"max-snippet:-1","max-image-preview":"max-image-preview:large","max-video-preview":"max-video-preview:-1"},"canonical":"https:\/\/weareselection.com\/fr\/selection\/about\/","og_locale":"fr_CA","og_type":"article","og_title":"[:en]about[:fr]About[:] - Selection","og_description":"[vc_row][vc_column][vc_column_text] \u00c0 propos Chez Selection, les r\u00e8gles de la publicit\u00e9 sont en train d\u2019\u00eatre r\u00e9\u00e9crites. Reconnaissant que les publicit\u00e9s traditionnelles repoussent souvent plut\u00f4t qu\u2019elles n\u2019attirent, une autre voie a \u00e9t\u00e9 emprunt\u00e9e\u2014nous nous immergeons dans ce que les gens aiment : l\u2019art, le cin\u00e9ma, la musique, la culture, le sens\u2014en nous int\u00e9grant harmonieusement \u00e0 leurs passions. [&hellip;]","og_url":"https:\/\/weareselection.com\/fr\/selection\/about\/","og_site_name":"Selection","article_modified_time":"2024-11-28T21:47:44+00:00","og_image":[{"width":1635,"height":687,"url":"https:\/\/weareselection.com\/wp-content\/uploads\/2024\/09\/ame_jobmap.jpg","type":"image\/jpeg"}],"twitter_card":"summary_large_image","twitter_misc":{"Estimation du temps de lecture":"2 minutes"},"schema":{"@context":"https:\/\/schema.org","@graph":[{"@type":"WebPage","@id":"https:\/\/weareselection.com\/fr\/selection\/about\/","url":"https:\/\/weareselection.com\/fr\/selection\/about\/","name":"About","isPartOf":{"@id":"https:\/\/weareselection.com\/en\/#website"},"primaryImageOfPage":{"@id":"https:\/\/weareselection.com\/fr\/selection\/about\/#primaryimage"},"image":{"@id":"https:\/\/weareselection.com\/fr\/selection\/about\/#primaryimage"},"thumbnailUrl":"https:\/\/weareselection.com\/wp-content\/uploads\/2024\/09\/ame_jobmap.jpg","datePublished":"2024-09-22T20:44:13+00:00","dateModified":"2024-11-28T21:47:44+00:00","breadcrumb":{"@id":"https:\/\/weareselection.com\/fr\/selection\/about\/#breadcrumb"},"inLanguage":"fr-CA","potentialAction":[{"@type":"ReadAction","target":["https:\/\/weareselection.com\/fr\/selection\/about\/"]}]},{"@type":"ImageObject","inLanguage":"fr-CA","@id":"https:\/\/weareselection.com\/fr\/selection\/about\/#primaryimage","url":"https:\/\/weareselection.com\/wp-content\/uploads\/2024\/09\/ame_jobmap.jpg","contentUrl":"https:\/\/weareselection.com\/wp-content\/uploads\/2024\/09\/ame_jobmap.jpg","width":1635,"height":687},{"@type":"BreadcrumbList","@id":"https:\/\/weareselection.com\/fr\/selection\/about\/#breadcrumb","itemListElement":[{"@type":"ListItem","position":1,"name":"Home","item":"https:\/\/weareselection.com\/fr\/"},{"@type":"ListItem","position":2,"name":"Home","item":"https:\/\/weareselection.com\/fr\/"},{"@type":"ListItem","position":3,"name":"About"}]},{"@type":"WebSite","@id":"https:\/\/weareselection.com\/en\/#website","url":"https:\/\/weareselection.com\/en\/","name":"Selection","description":"Telling stories that connect","potentialAction":[{"@type":"SearchAction","target":{"@type":"EntryPoint","urlTemplate":"https:\/\/weareselection.com\/en\/?s={search_term_string}"},"query-input":{"@type":"PropertyValueSpecification","valueRequired":true,"valueName":"search_term_string"}}],"inLanguage":"fr-CA"}]}},"_links":{"self":[{"href":"https:\/\/weareselection.com\/fr\/wp-json\/wp\/v2\/pages\/36","targetHints":{"allow":["GET"]}}],"collection":[{"href":"https:\/\/weareselection.com\/fr\/wp-json\/wp\/v2\/pages"}],"about":[{"href":"https:\/\/weareselection.com\/fr\/wp-json\/wp\/v2\/types\/page"}],"author":[{"embeddable":true,"href":"https:\/\/weareselection.com\/fr\/wp-json\/wp\/v2\/users\/1"}],"replies":[{"embeddable":true,"href":"https:\/\/weareselection.com\/fr\/wp-json\/wp\/v2\/comments?post=36"}],"version-history":[{"count":5,"href":"https:\/\/weareselection.com\/fr\/wp-json\/wp\/v2\/pages\/36\/revisions"}],"predecessor-version":[{"id":3725,"href":"https:\/\/weareselection.com\/fr\/wp-json\/wp\/v2\/pages\/36\/revisions\/3725"}],"up":[{"embeddable":true,"href":"https:\/\/weareselection.com\/fr\/wp-json\/wp\/v2\/pages\/2552"}],"wp:featuredmedia":[{"embeddable":true,"href":"https:\/\/weareselection.com\/fr\/wp-json\/wp\/v2\/media\/37"}],"wp:attachment":[{"href":"https:\/\/weareselection.com\/fr\/wp-json\/wp\/v2\/media?parent=36"}],"curies":[{"name":"wp","href":"https:\/\/api.w.org\/{rel}","templated":true}]}}